{"id":207,"date":"2022-10-06T05:39:18","date_gmt":"2022-10-06T05:39:18","guid":{"rendered":"http:\/\/www.duurzaamaluminium.be\/maison\/"},"modified":"2026-02-25T14:10:21","modified_gmt":"2026-02-25T14:10:21","slug":"maison","status":"publish","type":"page","link":"http:\/\/www.duurzaamaluminium.be\/fr\/","title":{"rendered":"Accueil"},"content":{"rendered":"\n<h2 class=\"wp-block-heading\">Aluminium durable<\/h2>\n\n<h3 class=\"wp-block-heading has-medium-font-size\">Organisation de promotion de et pour toutes les entreprises de production, de commerce et de transformation de l&rsquo;aluminium en Belgique.<\/h3>\n\n<p>L&rsquo;aluminium est connu pour \u00eatre une mati\u00e8re premi\u00e8re durable et recyclable dont les propri\u00e9t\u00e9s lui permettent d&rsquo;\u00eatre utilis\u00e9 dans toute une s\u00e9rie d&rsquo;applications, de la production grand public \u00e0 la construction et \u00e0 l&rsquo;industrie.<\/p>\n\n<p>Notre mission est de promouvoir la durabilit\u00e9 de l&rsquo;aluminium. Nous le faisons par le biais du transfert de connaissances, d&rsquo;informations g\u00e9n\u00e9rales et d&rsquo;actions de relations publiques.<\/p>\n\n<p>Cette campagne est soutenue par les entreprises membres suivantes :<\/p>\n\n<p><\/p>\n\n<figure class=\"wp-block-image size-full\"><img loading=\"lazy\" decoding=\"async\" width=\"643\" height=\"895\" src=\"http:\/\/www.duurzaamaluminium.be\/wp-content\/uploads\/2026\/01\/ledenalucb1.png\" alt=\"\" class=\"wp-image-267\" srcset=\"http:\/\/www.duurzaamaluminium.be\/wp-content\/uploads\/2026\/01\/ledenalucb1.png 643w, http:\/\/www.duurzaamaluminium.be\/wp-content\/uploads\/2026\/01\/ledenalucb1-216x300.png 216w\" sizes=\"auto, (max-width: 643px) 100vw, 643px\" \/><\/figure>\n\n<p class=\"has-text-align-center\">\u00c0 propos de <a href=\"http:\/\/www.duurzaamaluminium.be\/fr\/nos-membres\/\">nous.<\/a><\/p>\n","protected":false},"excerpt":{"rendered":"<p>Aluminium durable Organisation de promotion de et pour toutes les entreprises de production, de commerce et de transformation de l&rsquo;aluminium en Belgique. L&rsquo;aluminium est connu pour \u00eatre une mati\u00e8re premi\u00e8re durable et recyclable dont les propri\u00e9t\u00e9s lui permettent d&rsquo;\u00eatre utilis\u00e9 dans toute une s\u00e9rie d&rsquo;applications, de la production grand public \u00e0 la construction et \u00e0 [&hellip;]<\/p>\n","protected":false},"author":1,"featured_media":0,"parent":0,"menu_order":0,"comment_status":"closed","ping_status":"closed","template":"","meta":{"om_disable_all_campaigns":false,"_monsterinsights_skip_tracking":false,"_monsterinsights_sitenote_active":false,"_monsterinsights_sitenote_note":"","_monsterinsights_sitenote_category":0,"footnotes":""},"class_list":["post-207","page","type-page","status-publish","hentry","post-preview"],"aioseo_notices":[],"_links":{"self":[{"href":"http:\/\/www.duurzaamaluminium.be\/fr\/wp-json\/wp\/v2\/pages\/207","targetHints":{"allow":["GET"]}}],"collection":[{"href":"http:\/\/www.duurzaamaluminium.be\/fr\/wp-json\/wp\/v2\/pages"}],"about":[{"href":"http:\/\/www.duurzaamaluminium.be\/fr\/wp-json\/wp\/v2\/types\/page"}],"author":[{"embeddable":true,"href":"http:\/\/www.duurzaamaluminium.be\/fr\/wp-json\/wp\/v2\/users\/1"}],"replies":[{"embeddable":true,"href":"http:\/\/www.duurzaamaluminium.be\/fr\/wp-json\/wp\/v2\/comments?post=207"}],"version-history":[{"count":14,"href":"http:\/\/www.duurzaamaluminium.be\/fr\/wp-json\/wp\/v2\/pages\/207\/revisions"}],"predecessor-version":[{"id":311,"href":"http:\/\/www.duurzaamaluminium.be\/fr\/wp-json\/wp\/v2\/pages\/207\/revisions\/311"}],"wp:attachment":[{"href":"http:\/\/www.duurzaamaluminium.be\/fr\/wp-json\/wp\/v2\/media?parent=207"}],"curies":[{"name":"wp","href":"https:\/\/api.w.org\/{rel}","templated":true}]}}