{"id":223,"date":"2022-10-06T07:19:16","date_gmt":"2022-10-06T07:19:16","guid":{"rendered":"http:\/\/www.duurzaamaluminium.be\/applications\/"},"modified":"2026-02-25T14:15:22","modified_gmt":"2026-02-25T14:15:22","slug":"applications","status":"publish","type":"page","link":"http:\/\/www.duurzaamaluminium.be\/fr\/applications\/","title":{"rendered":"Applications"},"content":{"rendered":"\n<p>L&rsquo;aluminium est omnipr\u00e9sent dans notre vie quotidienne et appara\u00eet dans un large \u00e9ventail d&rsquo;applications gr\u00e2ce \u00e0 ses propri\u00e9t\u00e9s polyvalentes. Ce mat\u00e9riau pr\u00e9sente une r\u00e9sistance \u00e9lev\u00e9e \u00e0 l&rsquo;oxydation et \u00e0 la corrosion ; il est l\u00e9ger, solide, soudable et d\u00e9formable, durable et recyclable.<\/p>\n\n<h2 class=\"wp-block-heading\">Mat\u00e9riaux de construction<\/h2>\n\n<p>Rien que dans la construction, l&rsquo;aluminium se retrouve dans une multitude d&rsquo;applications.<\/p>\n\n<figure class=\"wp-block-image size-full\"><img decoding=\"async\" src=\"http:\/\/www.duurzaamaluminium.be\/wp-content\/uploads\/2023\/09\/jzg.png\" alt=\"\" class=\"wp-image-251\"\/><\/figure>\n\n<h2 class=\"wp-block-heading\">Autres applications<\/h2>\n\n<p>Outre la construction, l&rsquo;aluminium est utilis\u00e9 dans une foule d&rsquo;autres applications et secteurs. Voici un aper\u00e7u des applications possibles :&#13;\n<\/p>\n\n<figure class=\"wp-block-image size-full\"><img loading=\"lazy\" decoding=\"async\" width=\"640\" height=\"427\" src=\"http:\/\/www.duurzaamaluminium.be\/wp-content\/uploads\/2023\/09\/Aluminium-can.jpg\" alt=\"\" class=\"wp-image-255\" srcset=\"http:\/\/www.duurzaamaluminium.be\/wp-content\/uploads\/2023\/09\/Aluminium-can.jpg 640w, http:\/\/www.duurzaamaluminium.be\/wp-content\/uploads\/2023\/09\/Aluminium-can-300x200.jpg 300w\" sizes=\"auto, (max-width: 640px) 100vw, 640px\" \/><figcaption class=\"wp-element-caption\">Conserves : l\u00e9g\u00e8res et hautement r\u00e9sistantes \u00e0 l&rsquo;oxydation et \u00e0 la corrosion<\/figcaption><\/figure>\n","protected":false},"excerpt":{"rendered":"<p>L&rsquo;aluminium est omnipr\u00e9sent dans notre vie quotidienne et appara\u00eet dans un large \u00e9ventail d&rsquo;applications gr\u00e2ce \u00e0 ses propri\u00e9t\u00e9s polyvalentes. Ce mat\u00e9riau pr\u00e9sente une r\u00e9sistance \u00e9lev\u00e9e \u00e0 l&rsquo;oxydation et \u00e0 la corrosion ; il est l\u00e9ger, solide, soudable et d\u00e9formable, durable et recyclable. Mat\u00e9riaux de construction Rien que dans la construction, l&rsquo;aluminium se retrouve dans une [&hellip;]<\/p>\n","protected":false},"author":1,"featured_media":0,"parent":0,"menu_order":0,"comment_status":"closed","ping_status":"closed","template":"","meta":{"om_disable_all_campaigns":false,"_monsterinsights_skip_tracking":false,"_monsterinsights_sitenote_active":false,"_monsterinsights_sitenote_note":"","_monsterinsights_sitenote_category":0,"footnotes":""},"class_list":["post-223","page","type-page","status-publish","hentry","post-preview"],"aioseo_notices":[],"_links":{"self":[{"href":"http:\/\/www.duurzaamaluminium.be\/fr\/wp-json\/wp\/v2\/pages\/223","targetHints":{"allow":["GET"]}}],"collection":[{"href":"http:\/\/www.duurzaamaluminium.be\/fr\/wp-json\/wp\/v2\/pages"}],"about":[{"href":"http:\/\/www.duurzaamaluminium.be\/fr\/wp-json\/wp\/v2\/types\/page"}],"author":[{"embeddable":true,"href":"http:\/\/www.duurzaamaluminium.be\/fr\/wp-json\/wp\/v2\/users\/1"}],"replies":[{"embeddable":true,"href":"http:\/\/www.duurzaamaluminium.be\/fr\/wp-json\/wp\/v2\/comments?post=223"}],"version-history":[{"count":8,"href":"http:\/\/www.duurzaamaluminium.be\/fr\/wp-json\/wp\/v2\/pages\/223\/revisions"}],"predecessor-version":[{"id":314,"href":"http:\/\/www.duurzaamaluminium.be\/fr\/wp-json\/wp\/v2\/pages\/223\/revisions\/314"}],"wp:attachment":[{"href":"http:\/\/www.duurzaamaluminium.be\/fr\/wp-json\/wp\/v2\/media?parent=223"}],"curies":[{"name":"wp","href":"https:\/\/api.w.org\/{rel}","templated":true}]}}