{"id":225,"date":"2022-10-06T05:43:27","date_gmt":"2022-10-06T05:43:27","guid":{"rendered":"http:\/\/www.duurzaamaluminium.be\/nos-membres\/"},"modified":"2023-09-04T11:51:19","modified_gmt":"2023-09-04T11:51:19","slug":"nos-membres","status":"publish","type":"page","link":"http:\/\/www.duurzaamaluminium.be\/fr\/nos-membres\/","title":{"rendered":"Nos membres"},"content":{"rendered":"\n<p class=\"has-medium-font-size\">Nos membres comprennent des entreprises d&rsquo;extrusion, des fournisseurs de syst\u00e8mes, des fabricants, des grossistes, et sont actifs dans les secteurs de la construction, du g\u00e9nie m\u00e9canique, de l&rsquo;automobile, des produits de consommation et de nombreux autres secteurs.<\/p>\n\n<p>Vous trouverez ci-dessous un aper\u00e7u de nos membres :<\/p>\n\n<h3 class=\"wp-block-heading\"><strong>Extrudeurs<\/strong><\/h3>\n\n<div class=\"wp-block-columns is-layout-flex wp-container-core-columns-is-layout-9d6595d7 wp-block-columns-is-layout-flex\">\n<div class=\"wp-block-column is-vertically-aligned-center is-layout-flow wp-block-column-is-layout-flow\">\n<p><a href=\"https:\/\/e-max.eu\/\" target=\"_blank\" rel=\"noopener\">E-MAX<\/a><\/p>\n<\/div>\n\n\n\n<div class=\"wp-block-column is-layout-flow wp-block-column-is-layout-flow\">\n<figure class=\"wp-block-image size-thumbnail is-resized\"><img loading=\"lazy\" decoding=\"async\" src=\"http:\/\/www.duurzaamaluminium.be\/wp-content\/uploads\/2023\/03\/E-MAX-2-150x150.jpg\" alt=\"\" class=\"wp-image-82\" width=\"113\" height=\"113\" srcset=\"http:\/\/www.duurzaamaluminium.be\/wp-content\/uploads\/2023\/03\/E-MAX-2-150x150.jpg 150w, http:\/\/www.duurzaamaluminium.be\/wp-content\/uploads\/2023\/03\/E-MAX-2.jpg 300w\" sizes=\"auto, (max-width: 113px) 100vw, 113px\" \/><\/figure>\n<\/div>\n<\/div>\n\n<div class=\"wp-block-columns is-layout-flex wp-container-core-columns-is-layout-9d6595d7 wp-block-columns-is-layout-flex\">\n<div class=\"wp-block-column is-vertically-aligned-center is-layout-flow wp-block-column-is-layout-flow\">\n<p><a href=\"https:\/\/www.hydro.com\/\" target=\"_blank\" rel=\"noopener\">HYDRO EXTRUSION<\/a><\/p>\n<\/div>\n\n\n\n<div class=\"wp-block-column is-layout-flow wp-block-column-is-layout-flow\">\n<figure class=\"wp-block-image size-thumbnail is-resized\"><img loading=\"lazy\" decoding=\"async\" src=\"http:\/\/www.duurzaamaluminium.be\/wp-content\/uploads\/2023\/03\/HYDRO-EXTRUSION-150x150.jpg\" alt=\"\" class=\"wp-image-84\" width=\"113\" height=\"113\"\/><\/figure>\n<\/div>\n<\/div>\n\n<h3 class=\"wp-block-heading\"><strong>Ensembliers<\/strong><\/h3>\n\n<div class=\"wp-block-columns is-layout-flex wp-container-core-columns-is-layout-9d6595d7 wp-block-columns-is-layout-flex\">\n<div class=\"wp-block-column is-vertically-aligned-center is-layout-flow wp-block-column-is-layout-flow\">\n<p><a href=\"https:\/\/www.hydro.com\/en-BE\/aluminium\/products\/building-systems\/\" target=\"_blank\" rel=\"noopener\">HYDRO BUILDING SYSTEMS<\/a><\/p>\n<\/div>\n\n\n\n<div class=\"wp-block-column is-layout-flow wp-block-column-is-layout-flow\">\n<figure class=\"wp-block-image size-thumbnail is-resized\"><img loading=\"lazy\" decoding=\"async\" src=\"http:\/\/www.duurzaamaluminium.be\/wp-content\/uploads\/2023\/03\/saps-150x118.png\" alt=\"\" class=\"wp-image-119\" width=\"150\" height=\"118\"\/><\/figure>\n<\/div>\n<\/div>\n\n<div class=\"wp-block-columns is-layout-flex wp-container-core-columns-is-layout-9d6595d7 wp-block-columns-is-layout-flex\">\n<div class=\"wp-block-column is-vertically-aligned-center is-layout-flow wp-block-column-is-layout-flow\">\n<p><a href=\"https:\/\/www.reynaers.be\/\" target=\"_blank\" rel=\"noopener\">REYNAERS ALUMINIUM<\/a><\/p>\n<\/div>\n\n\n\n<div class=\"wp-block-column is-layout-flow wp-block-column-is-layout-flow\">\n<figure class=\"wp-block-image size-medium is-resized\"><img loading=\"lazy\" decoding=\"async\" src=\"http:\/\/www.duurzaamaluminium.be\/wp-content\/uploads\/2023\/03\/REYNAERS-ALUMINIUM-300x300.jpg\" alt=\"\" class=\"wp-image-85\" width=\"150\" height=\"150\" srcset=\"http:\/\/www.duurzaamaluminium.be\/wp-content\/uploads\/2023\/03\/REYNAERS-ALUMINIUM-300x300.jpg 300w, http:\/\/www.duurzaamaluminium.be\/wp-content\/uploads\/2023\/03\/REYNAERS-ALUMINIUM-150x150.jpg 150w, http:\/\/www.duurzaamaluminium.be\/wp-content\/uploads\/2023\/03\/REYNAERS-ALUMINIUM-768x768.jpg 768w, http:\/\/www.duurzaamaluminium.be\/wp-content\/uploads\/2023\/03\/REYNAERS-ALUMINIUM-676x676.jpg 676w, http:\/\/www.duurzaamaluminium.be\/wp-content\/uploads\/2023\/03\/REYNAERS-ALUMINIUM.jpg 890w\" sizes=\"auto, (max-width: 150px) 100vw, 150px\" \/><\/figure>\n<\/div>\n<\/div>\n\n<div class=\"wp-block-columns is-layout-flex wp-container-core-columns-is-layout-9d6595d7 wp-block-columns-is-layout-flex\">\n<div class=\"wp-block-column is-vertically-aligned-center is-layout-flow wp-block-column-is-layout-flow\">\n<p><a href=\"https:\/\/www.schueco.com\/be-nl\/\" target=\"_blank\" rel=\"noopener\">SCHUECO<\/a><\/p>\n<\/div>\n\n\n\n<div class=\"wp-block-column is-layout-flow wp-block-column-is-layout-flow\">\n<figure class=\"wp-block-image size-full is-resized\"><img loading=\"lazy\" decoding=\"async\" src=\"http:\/\/www.duurzaamaluminium.be\/wp-content\/uploads\/2023\/03\/achuco.png\" alt=\"\" class=\"wp-image-120\" width=\"89\" height=\"89\"\/><\/figure>\n<\/div>\n<\/div>\n\n<div class=\"wp-block-columns is-layout-flex wp-container-core-columns-is-layout-9d6595d7 wp-block-columns-is-layout-flex\">\n<div class=\"wp-block-column is-vertically-aligned-center is-layout-flow wp-block-column-is-layout-flow\">\n<p><a href=\"https:\/\/vanbeveren.com\/\" target=\"_blank\" rel=\"noopener\">VAN BEVEREN<\/a><\/p>\n<\/div>\n\n\n\n<div class=\"wp-block-column is-layout-flow wp-block-column-is-layout-flow\">\n<figure class=\"wp-block-image size-full is-resized\"><img loading=\"lazy\" decoding=\"async\" src=\"http:\/\/www.duurzaamaluminium.be\/wp-content\/uploads\/2023\/03\/vb.png\" alt=\"\" class=\"wp-image-121\" width=\"221\" height=\"41\"\/><\/figure>\n<\/div>\n<\/div>\n\n<h3 class=\"wp-block-heading\"><strong>Ing\u00e9nieurs de structures de fa\u00e7ades \u2013 fen\u00eatres \u2013 portes<\/strong><\/h3>\n\n<div class=\"wp-block-columns is-layout-flex wp-container-core-columns-is-layout-9d6595d7 wp-block-columns-is-layout-flex\">\n<div class=\"wp-block-column is-vertically-aligned-center is-layout-flow wp-block-column-is-layout-flow\">\n<p><a href=\"https:\/\/www.aluwin.be\/\" target=\"_blank\" rel=\"noopener\">ALUWIN<\/a><\/p>\n<\/div>\n\n\n\n<div class=\"wp-block-column is-layout-flow wp-block-column-is-layout-flow\">\n<figure class=\"wp-block-image size-full is-resized\"><img loading=\"lazy\" decoding=\"async\" src=\"http:\/\/www.duurzaamaluminium.be\/wp-content\/uploads\/2023\/03\/aluwin.png\" alt=\"\" class=\"wp-image-122\" width=\"221\" height=\"89\"\/><\/figure>\n<\/div>\n<\/div>\n\n<div class=\"wp-block-columns is-layout-flex wp-container-core-columns-is-layout-9d6595d7 wp-block-columns-is-layout-flex\">\n<div class=\"wp-block-column is-vertically-aligned-center is-layout-flow wp-block-column-is-layout-flow\">\n<p><a href=\"https:\/\/www.veranco.be\/\" target=\"_blank\" rel=\"noopener\">VERANCO<\/a><\/p>\n<\/div>\n\n\n\n<div class=\"wp-block-column is-layout-flow wp-block-column-is-layout-flow\">\n<figure class=\"wp-block-image size-full is-resized\"><img loading=\"lazy\" decoding=\"async\" src=\"http:\/\/www.duurzaamaluminium.be\/wp-content\/uploads\/2023\/03\/veranco.png\" alt=\"\" class=\"wp-image-123\" width=\"221\" height=\"40\"\/><\/figure>\n<\/div>\n<\/div>\n\n<div class=\"wp-block-columns is-layout-flex wp-container-core-columns-is-layout-9d6595d7 wp-block-columns-is-layout-flex\">\n<div class=\"wp-block-column is-vertically-aligned-center is-layout-flow wp-block-column-is-layout-flow\">\n<p><a href=\"https:\/\/winsol.eu\/nl-be\" target=\"_blank\" rel=\"noopener\">WINSOL ACTUELL NV<\/a><\/p>\n<\/div>\n\n\n\n<div class=\"wp-block-column is-layout-flow wp-block-column-is-layout-flow\">\n<figure class=\"wp-block-image size-full is-resized\"><img loading=\"lazy\" decoding=\"async\" src=\"http:\/\/www.duurzaamaluminium.be\/wp-content\/uploads\/2023\/03\/winsol.png\" alt=\"\" class=\"wp-image-124\" width=\"221\" height=\"44\"\/><\/figure>\n<\/div>\n<\/div>\n\n<h3 class=\"wp-block-heading\"><strong>Constructeurs de balustrades<\/strong><\/h3>\n\n<div class=\"wp-block-columns is-layout-flex wp-container-core-columns-is-layout-9d6595d7 wp-block-columns-is-layout-flex\">\n<div class=\"wp-block-column is-vertically-aligned-center is-layout-flow wp-block-column-is-layout-flow\">\n<p><a href=\"https:\/\/www.bestbend.com\/\" target=\"_blank\" rel=\"noopener\">BESTBEND<\/a><\/p>\n<\/div>\n\n\n\n<div class=\"wp-block-column is-layout-flow wp-block-column-is-layout-flow\">\n<figure class=\"wp-block-image size-full\"><img loading=\"lazy\" decoding=\"async\" width=\"118\" height=\"118\" src=\"http:\/\/www.duurzaamaluminium.be\/wp-content\/uploads\/2023\/03\/bestbend.png\" alt=\"\" class=\"wp-image-125\"\/><\/figure>\n<\/div>\n<\/div>\n\n<div class=\"wp-block-columns is-layout-flex wp-container-core-columns-is-layout-9d6595d7 wp-block-columns-is-layout-flex\">\n<div class=\"wp-block-column is-vertically-aligned-center is-layout-flow wp-block-column-is-layout-flow\">\n<p><a href=\"https:\/\/www.mavaro.be\/\" target=\"_blank\" rel=\"noopener\">MAVARO<\/a><\/p>\n<\/div>\n\n\n\n<div class=\"wp-block-column is-layout-flow wp-block-column-is-layout-flow\">\n<figure class=\"wp-block-image size-full is-resized\"><img loading=\"lazy\" decoding=\"async\" src=\"http:\/\/www.duurzaamaluminium.be\/wp-content\/uploads\/2023\/03\/mavaro.png\" alt=\"\" class=\"wp-image-126\" width=\"144\" height=\"59\"\/><\/figure>\n<\/div>\n<\/div>\n\n<div class=\"wp-block-columns is-layout-flex wp-container-core-columns-is-layout-9d6595d7 wp-block-columns-is-layout-flex\">\n<div class=\"wp-block-column is-vertically-aligned-center is-layout-flow wp-block-column-is-layout-flow\">\n<p><a href=\"https:\/\/wuytsinternational.com\/\" target=\"_blank\" rel=\"noopener\">WUYTS INTERNATIONAL<\/a><\/p>\n<\/div>\n\n\n\n<div class=\"wp-block-column is-layout-flow wp-block-column-is-layout-flow\">\n<figure class=\"wp-block-image size-full is-resized\"><img loading=\"lazy\" decoding=\"async\" src=\"http:\/\/www.duurzaamaluminium.be\/wp-content\/uploads\/2023\/03\/wuyts.png\" alt=\"\" class=\"wp-image-127\" width=\"149\" height=\"59\"\/><\/figure>\n<\/div>\n<\/div>\n\n<h3 class=\"wp-block-heading\"><strong>Grossistes et distributeurs<\/strong><\/h3>\n\n<div class=\"wp-block-columns is-layout-flex wp-container-core-columns-is-layout-9d6595d7 wp-block-columns-is-layout-flex\">\n<div class=\"wp-block-column is-vertically-aligned-center is-layout-flow wp-block-column-is-layout-flow\">\n<p><a href=\"http:\/\/www.aludan.be\/fr\/\" target=\"_blank\" rel=\"noopener\">ALUDAN<\/a><\/p>\n<\/div>\n\n\n\n<div class=\"wp-block-column is-layout-flow wp-block-column-is-layout-flow\">\n<figure class=\"wp-block-image size-full is-resized\"><img loading=\"lazy\" decoding=\"async\" src=\"http:\/\/www.duurzaamaluminium.be\/wp-content\/uploads\/2023\/03\/aludan.png\" alt=\"\" class=\"wp-image-128\" width=\"113\" height=\"89\"\/><\/figure>\n<\/div>\n<\/div>\n\n<div class=\"wp-block-columns is-layout-flex wp-container-core-columns-is-layout-9d6595d7 wp-block-columns-is-layout-flex\">\n<div class=\"wp-block-column is-vertically-aligned-center is-layout-flow wp-block-column-is-layout-flow\">\n<p><a href=\"https:\/\/www.dejond.com\/en\" target=\"_blank\" rel=\"noopener\">DEJOND<\/a><\/p>\n<\/div>\n\n\n\n<div class=\"wp-block-column is-layout-flow wp-block-column-is-layout-flow\">\n<figure class=\"wp-block-image size-full is-resized\"><img loading=\"lazy\" decoding=\"async\" src=\"http:\/\/www.duurzaamaluminium.be\/wp-content\/uploads\/2023\/03\/dejond.png\" alt=\"\" class=\"wp-image-129\" width=\"148\" height=\"59\"\/><\/figure>\n<\/div>\n<\/div>\n\n<div class=\"wp-block-columns is-layout-flex wp-container-core-columns-is-layout-9d6595d7 wp-block-columns-is-layout-flex\">\n<div class=\"wp-block-column is-vertically-aligned-center is-layout-flow wp-block-column-is-layout-flow\">\n<p><a href=\"https:\/\/www.testas.be\/nl\/\" target=\"_blank\" rel=\"noopener\">TESTAS<\/a><\/p>\n<\/div>\n\n\n\n<div class=\"wp-block-column is-layout-flow wp-block-column-is-layout-flow\">\n<figure class=\"wp-block-image size-full is-resized\"><img loading=\"lazy\" decoding=\"async\" src=\"http:\/\/www.duurzaamaluminium.be\/wp-content\/uploads\/2023\/03\/testas.png\" alt=\"\" class=\"wp-image-130\" width=\"149\" height=\"59\"\/><\/figure>\n<\/div>\n<\/div>\n\n<h3 class=\"wp-block-heading\"><strong>Accessoires<\/strong><\/h3>\n\n<div class=\"wp-block-columns is-layout-flex wp-container-core-columns-is-layout-9d6595d7 wp-block-columns-is-layout-flex\">\n<div class=\"wp-block-column is-vertically-aligned-center is-layout-flow wp-block-column-is-layout-flow\">\n<p><a href=\"https:\/\/www.alustar.be\/\" target=\"_blank\" rel=\"noopener\">ARS ALUSTAR<\/a><\/p>\n<\/div>\n\n\n\n<div class=\"wp-block-column is-layout-flow wp-block-column-is-layout-flow\">\n<figure class=\"wp-block-image size-full is-resized\"><img loading=\"lazy\" decoding=\"async\" src=\"http:\/\/www.duurzaamaluminium.be\/wp-content\/uploads\/2023\/03\/alustar.png\" alt=\"\" class=\"wp-image-133\" width=\"118\" height=\"118\"\/><\/figure>\n<\/div>\n<\/div>\n\n<div class=\"wp-block-columns is-layout-flex wp-container-core-columns-is-layout-9d6595d7 wp-block-columns-is-layout-flex\">\n<div class=\"wp-block-column is-vertically-aligned-center is-layout-flow wp-block-column-is-layout-flow\">\n<p><a href=\"https:\/\/www.sobinco.com\/nl\/home\" target=\"_blank\" rel=\"noopener\">SOBINCO<\/a><\/p>\n<\/div>\n\n\n\n<div class=\"wp-block-column is-layout-flow wp-block-column-is-layout-flow\">\n<figure class=\"wp-block-image size-full is-resized\"><img loading=\"lazy\" decoding=\"async\" src=\"http:\/\/www.duurzaamaluminium.be\/wp-content\/uploads\/2023\/03\/sobinco.png\" alt=\"\" class=\"wp-image-134\" width=\"149\" height=\"59\"\/><\/figure>\n<\/div>\n<\/div>\n\n<h3 class=\"wp-block-heading\"><strong>Prestataires de traitement de surface<\/strong><\/h3>\n\n<div class=\"wp-block-columns is-layout-flex wp-container-core-columns-is-layout-9d6595d7 wp-block-columns-is-layout-flex\">\n<div class=\"wp-block-column is-vertically-aligned-center is-layout-flow wp-block-column-is-layout-flow\">\n<p><a href=\"https:\/\/www.anogel.be\/nl\/\" target=\"_blank\" rel=\"noopener\">ANOGEL<\/a><\/p>\n<\/div>\n\n\n\n<div class=\"wp-block-column is-layout-flow wp-block-column-is-layout-flow\">\n<figure class=\"wp-block-image size-full is-resized\"><img loading=\"lazy\" decoding=\"async\" src=\"http:\/\/www.duurzaamaluminium.be\/wp-content\/uploads\/2023\/03\/anogel.png\" alt=\"\" class=\"wp-image-135\" width=\"148\" height=\"46\"\/><\/figure>\n<\/div>\n<\/div>\n\n<div class=\"wp-block-columns is-layout-flex wp-container-core-columns-is-layout-9d6595d7 wp-block-columns-is-layout-flex\">\n<div class=\"wp-block-column is-vertically-aligned-center is-layout-flow wp-block-column-is-layout-flow\">\n<p><a href=\"http:\/\/qualubel.be\/\" target=\"_blank\" rel=\"noopener\">Qualubel<\/a><\/p>\n<\/div>\n\n\n\n<div class=\"wp-block-column is-vertically-aligned-top is-layout-flow wp-block-column-is-layout-flow\">\n<figure class=\"wp-block-image size-full is-resized\"><img loading=\"lazy\" decoding=\"async\" src=\"http:\/\/www.duurzaamaluminium.be\/wp-content\/uploads\/2023\/03\/qualubel.png\" alt=\"\" class=\"wp-image-136\" width=\"148\" height=\"59\"\/><\/figure>\n<\/div>\n<\/div>\n\n<h3 class=\"wp-block-heading\"><strong>Bureaux d&rsquo;\u00e9tudes et de conseil<\/strong><\/h3>\n\n<div class=\"wp-block-columns is-layout-flex wp-container-core-columns-is-layout-9d6595d7 wp-block-columns-is-layout-flex\">\n<div class=\"wp-block-column is-vertically-aligned-center is-layout-flow wp-block-column-is-layout-flow\">\n<p><a href=\"https:\/\/www.cover3d.com\/fr\/\" target=\"_blank\" rel=\"noopener\">COVER3D<\/a><\/p>\n<\/div>\n\n\n\n<div class=\"wp-block-column is-vertically-aligned-top is-layout-flow wp-block-column-is-layout-flow\">\n<figure class=\"wp-block-image size-full is-resized\"><img loading=\"lazy\" decoding=\"async\" src=\"http:\/\/www.duurzaamaluminium.be\/wp-content\/uploads\/2023\/03\/c.png\" alt=\"\" class=\"wp-image-137\" width=\"147\" height=\"59\"\/><\/figure>\n<\/div>\n<\/div>\n\n<div class=\"wp-block-columns is-layout-flex wp-container-core-columns-is-layout-9d6595d7 wp-block-columns-is-layout-flex\">\n<div class=\"wp-block-column is-vertically-aligned-center is-layout-flow wp-block-column-is-layout-flow\">\n<p><a href=\"https:\/\/www.scia.net\/en\" target=\"_blank\" rel=\"noopener\">SCIA<\/a><\/p>\n<\/div>\n\n\n\n<div class=\"wp-block-column is-vertically-aligned-top is-layout-flow wp-block-column-is-layout-flow\">\n<figure class=\"wp-block-image size-full is-resized\"><img loading=\"lazy\" decoding=\"async\" src=\"http:\/\/www.duurzaamaluminium.be\/wp-content\/uploads\/2023\/03\/scia.png\" alt=\"\" class=\"wp-image-138\" width=\"149\" height=\"59\"\/><\/figure>\n<\/div>\n<\/div>\n\n<div class=\"wp-block-columns is-layout-flex wp-container-core-columns-is-layout-9d6595d7 wp-block-columns-is-layout-flex\">\n<div class=\"wp-block-column is-vertically-aligned-center is-layout-flow wp-block-column-is-layout-flow\">\n<p><a href=\"https:\/\/www.about-yu.com\/\" target=\"_blank\" rel=\"noopener\">Yucon Solutions BVBA<\/a><\/p>\n<\/div>\n\n\n\n<div class=\"wp-block-column is-vertically-aligned-top is-layout-flow wp-block-column-is-layout-flow\">\n<figure class=\"wp-block-image size-full is-resized\"><img loading=\"lazy\" decoding=\"async\" src=\"http:\/\/www.duurzaamaluminium.be\/wp-content\/uploads\/2023\/03\/bvba.png\" alt=\"\" class=\"wp-image-139\" width=\"89\" height=\"89\"\/><\/figure>\n<\/div>\n<\/div>\n\n<h3 class=\"wp-block-heading\"><strong>Autres<\/strong><\/h3>\n\n<div class=\"wp-block-columns is-layout-flex wp-container-core-columns-is-layout-9d6595d7 wp-block-columns-is-layout-flex\">\n<div class=\"wp-block-column is-vertically-aligned-center is-layout-flow wp-block-column-is-layout-flow\">\n<p><a href=\"https:\/\/www.becona.be\/\" target=\"_blank\" rel=\"noopener\">BECONA<\/a><\/p>\n<\/div>\n\n\n\n<div class=\"wp-block-column is-vertically-aligned-top is-layout-flow wp-block-column-is-layout-flow\">\n<figure class=\"wp-block-image size-full is-resized\"><img loading=\"lazy\" decoding=\"async\" src=\"http:\/\/www.duurzaamaluminium.be\/wp-content\/uploads\/2023\/03\/becona.png\" alt=\"\" class=\"wp-image-140\" width=\"147\" height=\"59\"\/><\/figure>\n<\/div>\n<\/div>\n\n<div class=\"wp-block-columns is-layout-flex wp-container-core-columns-is-layout-9d6595d7 wp-block-columns-is-layout-flex\">\n<div class=\"wp-block-column is-vertically-aligned-center is-layout-flow wp-block-column-is-layout-flow\">\n<p><a href=\"https:\/\/www.blommaertalu.com\/nl\/home\" target=\"_blank\" rel=\"noopener\">BLOMMAERT ALU<\/a><\/p>\n<\/div>\n\n\n\n<div class=\"wp-block-column is-vertically-aligned-top is-layout-flow wp-block-column-is-layout-flow\">\n<figure class=\"wp-block-image size-full is-resized\"><img loading=\"lazy\" decoding=\"async\" src=\"http:\/\/www.duurzaamaluminium.be\/wp-content\/uploads\/2023\/03\/blommaert.png\" alt=\"\" class=\"wp-image-141\" width=\"147\" height=\"59\"\/><\/figure>\n<\/div>\n<\/div>\n","protected":false},"excerpt":{"rendered":"<p>Nos membres comprennent des entreprises d&rsquo;extrusion, des fournisseurs de syst\u00e8mes, des fabricants, des grossistes, et sont actifs dans les secteurs de la construction, du g\u00e9nie m\u00e9canique, de l&rsquo;automobile, des produits de consommation et de nombreux autres secteurs. Vous trouverez ci-dessous un aper\u00e7u de nos membres : Extrudeurs E-MAX HYDRO EXTRUSION Ensembliers HYDRO BUILDING SYSTEMS REYNAERS [&hellip;]<\/p>\n","protected":false},"author":1,"featured_media":0,"parent":0,"menu_order":0,"comment_status":"closed","ping_status":"closed","template":"","meta":{"om_disable_all_campaigns":false,"_monsterinsights_skip_tracking":false,"_monsterinsights_sitenote_active":false,"_monsterinsights_sitenote_note":"","_monsterinsights_sitenote_category":0,"footnotes":""},"class_list":["post-225","page","type-page","status-publish","hentry","post-preview"],"aioseo_notices":[],"_links":{"self":[{"href":"http:\/\/www.duurzaamaluminium.be\/fr\/wp-json\/wp\/v2\/pages\/225","targetHints":{"allow":["GET"]}}],"collection":[{"href":"http:\/\/www.duurzaamaluminium.be\/fr\/wp-json\/wp\/v2\/pages"}],"about":[{"href":"http:\/\/www.duurzaamaluminium.be\/fr\/wp-json\/wp\/v2\/types\/page"}],"author":[{"embeddable":true,"href":"http:\/\/www.duurzaamaluminium.be\/fr\/wp-json\/wp\/v2\/users\/1"}],"replies":[{"embeddable":true,"href":"http:\/\/www.duurzaamaluminium.be\/fr\/wp-json\/wp\/v2\/comments?post=225"}],"version-history":[{"count":1,"href":"http:\/\/www.duurzaamaluminium.be\/fr\/wp-json\/wp\/v2\/pages\/225\/revisions"}],"predecessor-version":[{"id":226,"href":"http:\/\/www.duurzaamaluminium.be\/fr\/wp-json\/wp\/v2\/pages\/225\/revisions\/226"}],"wp:attachment":[{"href":"http:\/\/www.duurzaamaluminium.be\/fr\/wp-json\/wp\/v2\/media?parent=225"}],"curies":[{"name":"wp","href":"https:\/\/api.w.org\/{rel}","templated":true}]}}