{"id":271,"date":"2022-10-06T05:43:10","date_gmt":"2022-10-06T05:43:10","guid":{"rendered":"http:\/\/www.duurzaamaluminium.be\/a-propos-de-nous\/"},"modified":"2026-02-25T14:07:53","modified_gmt":"2026-02-25T14:07:53","slug":"a-propos-de-nous","status":"publish","type":"page","link":"http:\/\/www.duurzaamaluminium.be\/fr\/a-propos-de-nous\/","title":{"rendered":"\u00c0 propos de nous"},"content":{"rendered":"\n<p class=\"has-medium-font-size\">Aluminium durable est un projet de <a href=\"https:\/\/www.aluminiumcenter.be\/FR\/AluminiumCenter.aspx?\" rel=\"noreferrer noopener\">Aluminium Center Belgium<\/a> et a pour but de promouvoir l&rsquo;aluminium comme mat\u00e9riau durable pour la construction.<\/p>\n\n<p>Nos membres sont des entreprises d&rsquo;extrusion, des fournisseurs de syst\u00e8mes, des constructeurs, des grossistes actifs dans les secteurs de la construction, de la construction m\u00e9canique, de l&rsquo;automobile, des produits de consommation et bien d&rsquo;autres encore. <\/p>\n\n<p>De nombreux utilisateurs potentiels de l&rsquo;aluminium ne connaissent pas encore ou pas suffisamment les propri\u00e9t\u00e9s durables de l&rsquo;aluminium. Nous essayons de changer cela en transmettant des connaissances et en menant diverses actions marketing. Outre la diffusion d&rsquo;informations sur notre propre plateforme, nous recherchons activement le contact avec les m\u00e9dias et les institutions et organisations scientifiques pertinentes. <\/p>\n\n<h2 class=\"wp-block-heading\">Notre vision<\/h2>\n\n<h5 class=\"wp-block-heading\">Gr\u00e2ce \u00e0 sa durabilit\u00e9 et \u00e0 sa polyvalence, l&rsquo;aluminium est le m\u00e9tal de l&rsquo;avenir. <\/h5>\n\n<p><\/p>\n\n<h2 class=\"wp-block-heading\">Notre mission<\/h2>\n\n<h5 class=\"wp-block-heading\">Encourager l&rsquo;utilisation de l&rsquo;aluminium afin de contribuer \u00e0 une soci\u00e9t\u00e9 plus durable. <\/h5>\n\n<p><\/p>\n\n<p>Vous trouverez un aper\u00e7u de nos membres dans la rubrique <a href=\"http:\/\/www.duurzaamaluminium.be\/fr\/nos-membres\/\" rel=\"noreferrer noopener\">\u00ab\u00a0Nos membres\u00a0\u00bb<\/a> <\/p>\n\n<h1 class=\"wp-block-heading\">Banque de donn\u00e9es<\/h1>\n\n<p><a rel=\"noreferrer noopener\" href=\"http:\/\/persbureauvlaanderen.be\/index.php\/2022\/08\/22\/welkom-world\/\" target=\"_blank\">Sustainable Development Goals<\/a><a href=\"http:\/\/www.duurzaamaluminium.be\/fr\/2022\/10\/06\/objectifs-de-developpement-durable-odd-dans-le-secteur-de-laluminium\/\"> <\/a><a rel=\"noreferrer noopener\" href=\"http:\/\/persbureauvlaanderen.be\/index.php\/2022\/08\/22\/welkom-world\/\" target=\"_blank\">(SDG\u2019s) in aluminium sector<\/a><br\/><a href=\"http:\/\/www.duurzaamaluminium.be\/fr\/2022\/10\/06\/vision-2050-poursuite-de-la-reduction-du-co2-emis-par-le-secteur-de-laluminium\/\">Vision 2050: Verdere CO2-reductie van de aluminium sector<\/a><br\/><a rel=\"noreferrer noopener\" href=\"http:\/\/persbureauvlaanderen.be\/index.php\/2022\/08\/28\/aluminium-stewardship-initiative-asi\/\" target=\"_blank\">Certificering: Aluminium <\/a><a href=\"http:\/\/www.duurzaamaluminium.be\/fr\/2022\/10\/06\/certification-aluminium-stewardship-initiative-asi\/\">Stewardship <\/a><a rel=\"noreferrer noopener\" href=\"http:\/\/persbureauvlaanderen.be\/index.php\/2022\/08\/28\/aluminium-stewardship-initiative-asi\/\" target=\"_blank\">Initiative (ASI)<\/a><br\/><a rel=\"noreferrer noopener\" href=\"http:\/\/persbureauvlaanderen.be\/index.php\/2022\/08\/28\/certificering-duurzaam-aluminium-cradle-to-cradle-c2c\/\" target=\"_blank\">Certificering duurzaam aluminium: <\/a><a href=\"http:\/\/www.duurzaamaluminium.be\/fr\/2022\/10\/06\/certification-de-laluminium-durable-cradle-to-cradle-c2c\/\">Cradle <\/a><a rel=\"noreferrer noopener\" href=\"http:\/\/persbureauvlaanderen.be\/index.php\/2022\/08\/28\/certificering-duurzaam-aluminium-cradle-to-cradle-c2c\/\" target=\"_blank\">to Cradle (C2C)<\/a><\/p>\n","protected":false},"excerpt":{"rendered":"<p>Aluminium durable est un projet de Aluminium Center Belgium et a pour but de promouvoir l&rsquo;aluminium comme mat\u00e9riau durable pour la construction. Nos membres sont des entreprises d&rsquo;extrusion, des fournisseurs de syst\u00e8mes, des constructeurs, des grossistes actifs dans les secteurs de la construction, de la construction m\u00e9canique, de l&rsquo;automobile, des produits de consommation et bien [&hellip;]<\/p>\n","protected":false},"author":1,"featured_media":0,"parent":0,"menu_order":0,"comment_status":"closed","ping_status":"closed","template":"","meta":{"om_disable_all_campaigns":false,"_monsterinsights_skip_tracking":false,"_monsterinsights_sitenote_active":false,"_monsterinsights_sitenote_note":"","_monsterinsights_sitenote_category":0,"footnotes":""},"class_list":["post-271","page","type-page","status-publish","hentry","post-preview"],"aioseo_notices":[],"_links":{"self":[{"href":"http:\/\/www.duurzaamaluminium.be\/fr\/wp-json\/wp\/v2\/pages\/271","targetHints":{"allow":["GET"]}}],"collection":[{"href":"http:\/\/www.duurzaamaluminium.be\/fr\/wp-json\/wp\/v2\/pages"}],"about":[{"href":"http:\/\/www.duurzaamaluminium.be\/fr\/wp-json\/wp\/v2\/types\/page"}],"author":[{"embeddable":true,"href":"http:\/\/www.duurzaamaluminium.be\/fr\/wp-json\/wp\/v2\/users\/1"}],"replies":[{"embeddable":true,"href":"http:\/\/www.duurzaamaluminium.be\/fr\/wp-json\/wp\/v2\/comments?post=271"}],"version-history":[{"count":19,"href":"http:\/\/www.duurzaamaluminium.be\/fr\/wp-json\/wp\/v2\/pages\/271\/revisions"}],"predecessor-version":[{"id":309,"href":"http:\/\/www.duurzaamaluminium.be\/fr\/wp-json\/wp\/v2\/pages\/271\/revisions\/309"}],"wp:attachment":[{"href":"http:\/\/www.duurzaamaluminium.be\/fr\/wp-json\/wp\/v2\/media?parent=271"}],"curies":[{"name":"wp","href":"https:\/\/api.w.org\/{rel}","templated":true}]}}