{"id":220,"date":"2022-10-06T05:44:15","date_gmt":"2022-10-06T05:44:15","guid":{"rendered":"http:\/\/www.duurzaamaluminium.be\/durable\/"},"modified":"2026-02-25T14:13:18","modified_gmt":"2026-02-25T14:13:18","slug":"durable","status":"publish","type":"page","link":"https:\/\/www.duurzaamaluminium.be\/fr\/durable\/","title":{"rendered":"Durabilit\u00e9"},"content":{"rendered":"\n<p class=\"has-medium-font-size\"><mark class=\"has-inline-color has-black-color\" style=\"background-color: #ffffff;\">L&rsquo;aluminium est connu pour \u00eatre le m\u00e9tal le plus durable au monde.<\/mark><\/p>\n\n<p>La durabilit\u00e9 de l&rsquo;aluminium est notamment caract\u00e9ris\u00e9e par sa <strong>grande dur\u00e9e de vie<\/strong>. Le mat\u00e9riau traverse les d\u00e9cennies : dans le secteur de la construction, la dur\u00e9e de vie minimale est estim\u00e9e \u00e0 soixante ans. \u00c0 la fin de son cycle de vie, la grande majorit\u00e9 de l&rsquo;aluminium est recycl\u00e9e. Dans le secteur de la construction, cette proportion peut d\u00e9passer les 95 %. Cela contribue \u00e9galement \u00e0 son caract\u00e8re durable.<\/p>\n\n<p>Le processus de recyclage peut \u00eatre r\u00e9p\u00e9t\u00e9 ind\u00e9finiment, avec une <strong>perte minime de qualit\u00e9<\/strong>. Selon les estimations, 75 % de l&rsquo;aluminium produit est toujours en circulation. Non seulement la perte de qualit\u00e9 est bien moindre qu&rsquo;avec d&rsquo;autres mat\u00e9riaux, mais l&rsquo;\u00e9nergie n\u00e9cessaire et donc les \u00e9missions de CO2 \u00e9mises par le recyclage sont \u00e9galement beaucoup plus faibles. Le processus de recyclage n&rsquo;utilise que <strong>5 pour cent<\/strong> de l&rsquo;\u00e9nergie n\u00e9cessaire \u00e0 la production d&rsquo;aluminium neuf. <\/p>\n\n<figure class=\"wp-block-image size-full\"><img decoding=\"async\" src=\"http:\/\/www.duurzaamaluminium.be\/wp-content\/uploads\/2023\/09\/mkhfr.png\" alt=\"\" class=\"wp-image-248\"\/><\/figure>\n\n<p>En raison de ces propri\u00e9t\u00e9s durables combin\u00e9es \u00e0 d&rsquo;autres caract\u00e9ristiques, la popularit\u00e9 de l&rsquo;aluminium monte en fl\u00e8che dans des secteurs tels que la logistique, l&#8217;emballage, et surtout la construction. En effet, la circularit\u00e9 et les cycles ferm\u00e9s de produits deviennent une norme dans notre soci\u00e9t\u00e9. L&rsquo;industrie de l&rsquo;aluminium et la cha\u00eene de transformation fonctionnent depuis des d\u00e9cennies selon ces principes circulaires.<\/p>\n\n<h3 class=\"wp-block-heading\"><a>Contr\u00f4le<\/a><\/h3>\n\n<p>Divers organismes de certification r\u00e9unissant producteurs, utilisateurs et acheteurs garantissent le respect de principes de durabilit\u00e9 tr\u00e8s vari\u00e9s, tout au long de la cha\u00eene de l&rsquo;aluminium. Entre autres, le certificat C2C ou le certificat ISA garantissent aux consommateurs que la production d&rsquo;aluminium est circulaire, durable et socialement responsable.<\/p>\n\n<p><\/p>\n\n<h1 class=\"wp-block-heading\">Base de connaissances<\/h1>\n\n<p><a href=\"http:\/\/persbureauvlaanderen.be\/index.php\/2022\/08\/22\/welkom-world\/\">Objectifs de D\u00e9veloppement Durable (ODD) dans le secteur de l&rsquo;aluminium&#13;\n<\/a><a href=\"http:\/\/persbureauvlaanderen.be\/index.php\/2022\/08\/22\/brug-uit-aluminium\/\">Vision 2050\u00a0: poursuite de la r\u00e9duction du CO2 \u00e9mis par le secteur de l&rsquo;aluminium&#13;\n<\/a><a href=\"http:\/\/persbureauvlaanderen.be\/index.php\/2022\/08\/28\/aluminium-stewardship-initiative-asi\/\">Certification\u00a0: Aluminium Stewardship Initiative (ASI)&#13;\n<\/a><a href=\"http:\/\/persbureauvlaanderen.be\/index.php\/2022\/08\/28\/certificering-duurzaam-aluminium-cradle-to-cradle-c2c\/\">Certification de l&rsquo;aluminium durable\u00a0: Cradle to Cradle (C2C)<\/a><\/p>\n\n<p><\/p>\n","protected":false},"excerpt":{"rendered":"<p>L&rsquo;aluminium est connu pour \u00eatre le m\u00e9tal le plus durable au monde. La durabilit\u00e9 de l&rsquo;aluminium est notamment caract\u00e9ris\u00e9e par sa grande dur\u00e9e de vie. Le mat\u00e9riau traverse les d\u00e9cennies : dans le secteur de la construction, la dur\u00e9e de vie minimale est estim\u00e9e \u00e0 soixante ans. \u00c0 la fin de son cycle de vie, [&hellip;]<\/p>\n","protected":false},"author":1,"featured_media":0,"parent":0,"menu_order":0,"comment_status":"closed","ping_status":"closed","template":"","meta":{"om_disable_all_campaigns":false,"_monsterinsights_skip_tracking":false,"_monsterinsights_sitenote_active":false,"_monsterinsights_sitenote_note":"","_monsterinsights_sitenote_category":0,"footnotes":""},"class_list":["post-220","page","type-page","status-publish","hentry","post-preview"],"aioseo_notices":[],"_links":{"self":[{"href":"https:\/\/www.duurzaamaluminium.be\/fr\/wp-json\/wp\/v2\/pages\/220","targetHints":{"allow":["GET"]}}],"collection":[{"href":"https:\/\/www.duurzaamaluminium.be\/fr\/wp-json\/wp\/v2\/pages"}],"about":[{"href":"https:\/\/www.duurzaamaluminium.be\/fr\/wp-json\/wp\/v2\/types\/page"}],"author":[{"embeddable":true,"href":"https:\/\/www.duurzaamaluminium.be\/fr\/wp-json\/wp\/v2\/users\/1"}],"replies":[{"embeddable":true,"href":"https:\/\/www.duurzaamaluminium.be\/fr\/wp-json\/wp\/v2\/comments?post=220"}],"version-history":[{"count":3,"href":"https:\/\/www.duurzaamaluminium.be\/fr\/wp-json\/wp\/v2\/pages\/220\/revisions"}],"predecessor-version":[{"id":312,"href":"https:\/\/www.duurzaamaluminium.be\/fr\/wp-json\/wp\/v2\/pages\/220\/revisions\/312"}],"wp:attachment":[{"href":"https:\/\/www.duurzaamaluminium.be\/fr\/wp-json\/wp\/v2\/media?parent=220"}],"curies":[{"name":"wp","href":"https:\/\/api.w.org\/{rel}","templated":true}]}}